{"id":1646,"date":"2020-08-20T07:48:59","date_gmt":"2020-08-20T07:48:59","guid":{"rendered":"https:\/\/marra.qodeinteractive.com\/?page_id=1646"},"modified":"2024-09-02T23:47:48","modified_gmt":"2024-09-02T23:47:48","slug":"kontakt","status":"publish","type":"page","link":"https:\/\/vegetology.pl\/index.php\/kontakt\/","title":{"rendered":"Kontakt"},"content":{"rendered":"\t\t<div data-elementor-type=\"wp-page\" data-elementor-id=\"1646\" class=\"elementor elementor-1646\" data-elementor-post-type=\"page\">\n\t\t\t\t<div class=\"elementor-element elementor-element-d406d90 e-grid e-con-boxed e-con e-parent\" data-id=\"d406d90\" data-element_type=\"container\" data-e-type=\"container\">\n\t\t\t\t\t<div class=\"e-con-inner\">\n\t\t\t\t<div class=\"elementor-element elementor-element-4506d94 elementor-widget elementor-widget-text-editor\" data-id=\"4506d94\" data-element_type=\"widget\" data-e-type=\"widget\" data-widget_type=\"text-editor.default\">\n\t\t\t\t<div class=\"elementor-widget-container\">\n\t\t\t\t\t\t\t\t\t<p>\u00a0<\/p><h4>Sklep Stacjonarny<\/h4><div dir=\"ltr\"><div><a href=\"https:\/\/maps.app.goo.gl\/Y9GvYUGVitzpkrEs7\">ul. Obro\u0144c\u00f3w Wybrze\u017ca 7\/6<\/a><\/div><div><a href=\"https:\/\/maps.app.goo.gl\/Y9GvYUGVitzpkrEs7\">80-398 Gda\u0144sk<\/a><\/div><p><strong><br \/>E-mail:<\/strong>\u00a0<a href=\"mailto:beautynovaconcept.eu@gmail.com\" target=\"_blank\" rel=\"noopener\">beautynovaconcept.eu@gmail.com<\/a><\/p><div><strong>Telefon:<\/strong>\u00a0<a href=\"tel:+48 507 698 507\">+48 507 698 507<\/a><\/div><div><strong>Czynne:<\/strong>\u00a0Pon-Pt 8:00-18:00<\/div><\/div>\t\t\t\t\t\t\t\t<\/div>\n\t\t\t\t<\/div>\n\t\t\t\t<div class=\"elementor-element elementor-element-32974d1 elementor-widget elementor-widget-text-editor\" data-id=\"32974d1\" data-element_type=\"widget\" data-e-type=\"widget\" data-widget_type=\"text-editor.default\">\n\t\t\t\t<div class=\"elementor-widget-container\">\n\t\t\t\t\t\t\t\t\t<h4>Biuro Obs\u0142ugi Klienta<\/h4>\n<div dir=\"ltr\">\n\n<strong>E-mail:<\/strong> <a href=\"mailto:beautynovaconcept.eu@gmail.com\" target=\"_blank\" rel=\"noopener\">beautynovaconcept.eu@gmail.com<\/a>\n<div><strong>Telefon:<\/strong>\u00a0<a href=\"tel:+48%20535 956 932\">+48 535 956 932<\/a><\/div>\n<div><strong>Czynne:<\/strong>\u00a0Pon-Pt 8:00-18:00<\/div>\n<\/div>\t\t\t\t\t\t\t\t<\/div>\n\t\t\t\t<\/div>\n\t\t\t\t\t<\/div>\n\t\t\t\t<\/div>\n\t\t\t\t<\/div>\n\t\t","protected":false},"excerpt":{"rendered":"<p>\u00a0 Sklep Stacjonarny ul. Obro\u0144c\u00f3w Wybrze\u017ca 7\/680-398 Gda\u0144sk E-mail:\u00a0beautynovaconcept.eu@gmail.com Telefon:\u00a0+48 507 698 507Czynne:\u00a0Pon-Pt 8:00-18:00 Biuro Obs\u0142ugi Klienta E-mail: beautynovaconcept.eu@gmail.com Telefon:\u00a0+48 535 956 932 Czynne:\u00a0Pon-Pt 8:00-18:00<\/p>\n","protected":false},"author":1,"featured_media":0,"parent":0,"menu_order":0,"comment_status":"closed","ping_status":"closed","template":"page-full-width.php","meta":{"footnotes":""},"class_list":["post-1646","page","type-page","status-publish","hentry"],"_links":{"self":[{"href":"https:\/\/vegetology.pl\/index.php\/wp-json\/wp\/v2\/pages\/1646"}],"collection":[{"href":"https:\/\/vegetology.pl\/index.php\/wp-json\/wp\/v2\/pages"}],"about":[{"href":"https:\/\/vegetology.pl\/index.php\/wp-json\/wp\/v2\/types\/page"}],"author":[{"embeddable":true,"href":"https:\/\/vegetology.pl\/index.php\/wp-json\/wp\/v2\/users\/1"}],"replies":[{"embeddable":true,"href":"https:\/\/vegetology.pl\/index.php\/wp-json\/wp\/v2\/comments?post=1646"}],"version-history":[{"count":0,"href":"https:\/\/vegetology.pl\/index.php\/wp-json\/wp\/v2\/pages\/1646\/revisions"}],"wp:attachment":[{"href":"https:\/\/vegetology.pl\/index.php\/wp-json\/wp\/v2\/media?parent=1646"}],"curies":[{"name":"wp","href":"https:\/\/api.w.org\/{rel}","templated":true}]}}