{"id":8474,"date":"2024-07-11T00:03:14","date_gmt":"2024-07-11T00:03:14","guid":{"rendered":"https:\/\/vegetology.pl\/?post_type=product&#038;p=8474"},"modified":"2024-07-11T00:03:16","modified_gmt":"2024-07-11T00:03:16","slug":"brightening-mask","status":"publish","type":"product","link":"https:\/\/vegetology.pl\/index.php\/product\/brightening-mask\/","title":{"rendered":"Brightening Mask"},"content":{"rendered":"<ul>\n<li><a href=\"#qodef-tab-opis\">OPIS<\/a><\/li>\n<li><a href=\"#qodef-tab-sklad\">SK\u0141AD<\/a><\/li>\n<\/ul>\n<p><b>Kluczowe Sk\u0142adniki i Korzy\u015bci:<\/b><\/p>\n<ul>\n<li aria-level=\"1\">Opatentowany sk\u0142adnik zawieraj\u0105cy Winiferyn\u0119 z 10% ekstraktem z kom\u00f3rek kwiatu winogron \u2013 dzia\u0142a rozja\u015bniaj\u0105co i przeciwstarzeniowo, redukuj\u0105c widoczno\u015b\u0107 zmarszczek i przebarwie\u0144.<\/li>\n<\/ul>\n<ul>\n<li aria-level=\"1\">Ekologiczna Maska z tkaniny Cupra: 100% biodegradowalna tkanina, kt\u00f3ra rozk\u0142ada si\u0119 w glebie, dbaj\u0105c o \u015brodowisko naturalne.<\/li>\n<li aria-level=\"1\">Silna przyczepno\u015b\u0107: minimalizuje podra\u017cnienia sk\u00f3ry i zapewnia lepsze wch\u0142anianie sk\u0142adnik\u00f3w aktywnych.<\/li>\n<\/ul>\n<ul>\n<li aria-level=\"1\">Formu\u0142a odpowiednia dla ka\u017cdego rodzaju sk\u00f3ry.<\/li>\n<\/ul>\n<p><b>Certyfikaty i Testy:<\/b><\/p>\n<ul>\n<li aria-level=\"1\"><b>Certyfikat Bezpiecze\u0144stwa EWG:<\/b>\u00a0Potwierdzenie, \u017ce wszystkie sk\u0142adniki s\u0105 bezpieczne dla sk\u00f3ry i zdrowia.<\/li>\n<\/ul>\n<p><b>Pojemno\u015b\u0107:\u00a0<\/b>ka\u017cda saszetka zawiera 25g maski, zestaw zawiera 10 saszetek.<\/p>\n<p>Zanurz si\u0119 w luksusowym do\u015bwiadczeniu piel\u0119gnacji i relaksu z nasz\u0105 Mask\u0105 Rozja\u015bniaj\u0105c\u0105 Viniferine.<\/p>\n<p>Water, Vitis Vinifera (Grape) Flower Cell Extract, Glycerin, Glycereth-26, Butylene Glycol, Niacinamide, 1,2-Hexanediol, Arginine, Illicium Verum (Anise) Fruit Extract, Carbomer, Scutellaria Baicalensis Root Extract, Trehalose, Betaine, Xanthan Gum, Adenosine, Disodium EDTA, Ethylhexylglycerin, Sodium Hyaluronate Crosspolymer, Sodium Hyaluronate, Hydrolyzed Hyaluronic Acid, Hydrolyzed Glycosaminoglycans, Hydroxypropyltrimonium Hyaluronate, Hyaluronic Acid, Sodium Acetylated Hyaluronate, sh-Polypeptide-3, sh-Polypeptide-22, sh-Polypeptide-1, sh-Oligopeptide-2, sh-Oligopeptide-1<\/p>\n","protected":false},"excerpt":{"rendered":"<p><span style=\"font-weight: 300;\">Odkryj tajemnic\u0119 promiennej sk\u00f3ry z nasz\u0105 Mask\u0105 Rozja\u015bniaj\u0105c\u0105 w p\u0142acie Viniferine. Stworzona z my\u015bl\u0105 o Twoim pi\u0119knie, ta wyj\u0105tkowa maska zapewnia intensywne nawil\u017cenie i roz\u015bwietlenie sk\u00f3ry. Idealnie sprawdzi si\u0119 jako maska bankietowa.\u00a0<\/span><\/p>\n<p>&nbsp;<\/p>\n","protected":false},"featured_media":8270,"template":"","meta":[],"product_brand":[],"product_cat":[77],"product_tag":[],"class_list":{"0":"post-8474","1":"product","2":"type-product","3":"status-publish","4":"has-post-thumbnail","6":"product_cat-vegetology","8":"first","9":"instock","10":"taxable","11":"shipping-taxable","12":"product-type-simple"},"_links":{"self":[{"href":"https:\/\/vegetology.pl\/index.php\/wp-json\/wp\/v2\/product\/8474"}],"collection":[{"href":"https:\/\/vegetology.pl\/index.php\/wp-json\/wp\/v2\/product"}],"about":[{"href":"https:\/\/vegetology.pl\/index.php\/wp-json\/wp\/v2\/types\/product"}],"version-history":[{"count":0,"href":"https:\/\/vegetology.pl\/index.php\/wp-json\/wp\/v2\/product\/8474\/revisions"}],"wp:featuredmedia":[{"embeddable":true,"href":"https:\/\/vegetology.pl\/index.php\/wp-json\/wp\/v2\/media\/8270"}],"wp:attachment":[{"href":"https:\/\/vegetology.pl\/index.php\/wp-json\/wp\/v2\/media?parent=8474"}],"wp:term":[{"taxonomy":"product_brand","embeddable":true,"href":"https:\/\/vegetology.pl\/index.php\/wp-json\/wp\/v2\/product_brand?post=8474"},{"taxonomy":"product_cat","embeddable":true,"href":"https:\/\/vegetology.pl\/index.php\/wp-json\/wp\/v2\/product_cat?post=8474"},{"taxonomy":"product_tag","embeddable":true,"href":"https:\/\/vegetology.pl\/index.php\/wp-json\/wp\/v2\/product_tag?post=8474"}],"curies":[{"name":"wp","href":"https:\/\/api.w.org\/{rel}","templated":true}]}}