{"id":8475,"date":"2024-07-11T00:03:14","date_gmt":"2024-07-11T00:03:14","guid":{"rendered":"https:\/\/vegetology.pl\/?post_type=product&#038;p=8475"},"modified":"2024-07-11T00:03:16","modified_gmt":"2024-07-11T00:03:16","slug":"brightening-serum","status":"publish","type":"product","link":"https:\/\/vegetology.pl\/index.php\/product\/brightening-serum\/","title":{"rendered":"Brightening Serum"},"content":{"rendered":"<ul>\n<li><a href=\"#qodef-tab-opis\">OPIS<\/a><\/li>\n<li><a href=\"#qodef-tab-sklad\">SK\u0141AD<\/a><\/li>\n<\/ul>\n<p><b>Kluczowe Sk\u0142adniki i Korzy\u015bci:<\/b><\/p>\n<ul>\n<li aria-level=\"1\">Opatentowany sk\u0142adnik zawieraj\u0105cy Winiferyn\u0119 z 20% ekstraktem z kom\u00f3rek kwiatu winogron \u2013 dzia\u0142a rozja\u015bniaj\u0105co i przeciwstarzeniowo, redukuj\u0105c widoczno\u015b\u0107 zmarszczek i przebarwie\u0144.<\/li>\n<\/ul>\n<ul>\n<li aria-level=\"1\">Formu\u0142a odpowiednia dla ka\u017cdego rodzaju sk\u00f3ry.<\/li>\n<li aria-level=\"1\">Poprawa blasku oraz nawil\u017cenia sk\u00f3ry ju\u017c po jednym u\u017cyciu.<\/li>\n<\/ul>\n<ul>\n<li aria-level=\"1\">Redukcja widoczno\u015bci zmarszczek wok\u00f3\u0142 oczu po 4 tygodniach stosowania.<\/li>\n<li aria-level=\"1\">Poprawa tekstury, g\u0119sto\u015bci oraz elastyczno\u015bci sk\u00f3ry po 4 tygodniach stosowania.<\/li>\n<li aria-level=\"1\">Poprawa kolorytu sk\u00f3ry po 4 tygodniach stosowania.<\/li>\n<\/ul>\n<p><b>Certyfikaty i Testy:<\/b><\/p>\n<ul>\n<li aria-level=\"1\"><b>Certyfikat Bezpiecze\u0144stwa EWG:<\/b>\u00a0Potwierdzenie, \u017ce wszystkie sk\u0142adniki s\u0105 bezpieczne dla sk\u00f3ry i zdrowia.<\/li>\n<\/ul>\n<p><b>Pojemno\u015b\u0107: 50ml<\/b><\/p>\n<p>Zainwestuj w swoj\u0105 sk\u00f3r\u0119 i ciesz si\u0119 jej promiennym i zdrowym wygl\u0105dem dzi\u0119ki naszemu Serum Rozja\u015bniaj\u0105cemu Viniferine. Daj swojej sk\u00f3rze to, czego naprawd\u0119 potrzebuje i poczuj r\u00f3\u017cnic\u0119 ju\u017c po pierwszym u\u017cyciu.<\/p>\n<p>Water, Vitis Vinifera (Grape) Flower Cell Extract, Propanediol, 1,2-Hexanediol, Niacinamide, Glycerin, Butylene Glycol, Cellulose Gum, Arginine, Carbomer, Polyglyceryl-10 Laurate, Ethylhexylglycerin, Panthenol, Allantoin, Adenosine, Disodium EDTA<\/p>\n","protected":false},"excerpt":{"rendered":"<p><span style=\"font-weight: 300;\">Poczuj moc naturalnego blasku z naszym Serum Rozja\u015bniaj\u0105cym Viniferine. Ta wyj\u0105tkowa formu\u0142a, wzbogacona o opatentowany sk\u0142adnik zawieraj\u0105cy Winiferyn\u0119, oferuje kompleksow\u0105 piel\u0119gnacj\u0119, kt\u00f3ra rozja\u015bnia sk\u00f3r\u0119, redukuje zmarszczki i poprawia jej og\u00f3lny stan. Przygotuj si\u0119 na rewolucj\u0119 w piel\u0119gnacji sk\u00f3ry, kt\u00f3ra przyniesie Ci promienny i zdrowy wygl\u0105d.<\/span><\/p>\n<p>&nbsp;<\/p>\n","protected":false},"featured_media":8271,"template":"","meta":[],"product_brand":[],"product_cat":[77],"product_tag":[],"class_list":{"0":"post-8475","1":"product","2":"type-product","3":"status-publish","4":"has-post-thumbnail","6":"product_cat-vegetology","8":"first","9":"instock","10":"taxable","11":"shipping-taxable","12":"product-type-simple"},"_links":{"self":[{"href":"https:\/\/vegetology.pl\/index.php\/wp-json\/wp\/v2\/product\/8475"}],"collection":[{"href":"https:\/\/vegetology.pl\/index.php\/wp-json\/wp\/v2\/product"}],"about":[{"href":"https:\/\/vegetology.pl\/index.php\/wp-json\/wp\/v2\/types\/product"}],"version-history":[{"count":0,"href":"https:\/\/vegetology.pl\/index.php\/wp-json\/wp\/v2\/product\/8475\/revisions"}],"wp:featuredmedia":[{"embeddable":true,"href":"https:\/\/vegetology.pl\/index.php\/wp-json\/wp\/v2\/media\/8271"}],"wp:attachment":[{"href":"https:\/\/vegetology.pl\/index.php\/wp-json\/wp\/v2\/media?parent=8475"}],"wp:term":[{"taxonomy":"product_brand","embeddable":true,"href":"https:\/\/vegetology.pl\/index.php\/wp-json\/wp\/v2\/product_brand?post=8475"},{"taxonomy":"product_cat","embeddable":true,"href":"https:\/\/vegetology.pl\/index.php\/wp-json\/wp\/v2\/product_cat?post=8475"},{"taxonomy":"product_tag","embeddable":true,"href":"https:\/\/vegetology.pl\/index.php\/wp-json\/wp\/v2\/product_tag?post=8475"}],"curies":[{"name":"wp","href":"https:\/\/api.w.org\/{rel}","templated":true}]}}