{"id":8476,"date":"2024-07-11T00:03:14","date_gmt":"2024-07-11T00:03:14","guid":{"rendered":"https:\/\/vegetology.pl\/?post_type=product&#038;p=8476"},"modified":"2024-07-11T00:03:16","modified_gmt":"2024-07-11T00:03:16","slug":"brightening-cream","status":"publish","type":"product","link":"https:\/\/vegetology.pl\/index.php\/product\/brightening-cream\/","title":{"rendered":"Brightening Cream"},"content":{"rendered":"<ul>\n<li><a href=\"#qodef-tab-opis\">OPIS<\/a><\/li>\n<li><a href=\"#qodef-tab-sklad\">SK\u0141AD<\/a><\/li>\n<\/ul>\n<p><b>Kluczowe Sk\u0142adniki i Korzy\u015bci:<\/b><\/p>\n<ul>\n<li aria-level=\"1\">Opatentowany sk\u0142adnik zawieraj\u0105cy Winiferyn\u0119 z 15% ekstraktem z kom\u00f3rek kwiatu winogron \u2013 dzia\u0142a rozja\u015bniaj\u0105co i przeciwstarzeniowo, redukuj\u0105c widoczno\u015b\u0107 zmarszczek i przebarwie\u0144.<\/li>\n<\/ul>\n<ul>\n<li aria-level=\"1\">Certyfikowany Sk\u0142adnik Rozja\u015bniaj\u0105cy Niacynamid (5% zawarto\u015bci): skutecznie rozja\u015bnia sk\u00f3r\u0119, redukuj\u0105c produkcj\u0119 melaniny i poprawiaj\u0105c jej koloryt.<\/li>\n<\/ul>\n<ul>\n<li aria-level=\"1\">Formu\u0142a odpowiednia dla ka\u017cdego rodzaju sk\u00f3ry.<\/li>\n<li aria-level=\"1\">Poprawa kolorytu, blasku oraz nawil\u017cenia sk\u00f3ry ju\u017c po pierwszym u\u017cyciu.<\/li>\n<\/ul>\n<ul>\n<li aria-level=\"1\">Redukcja melaniny w sk\u00f3rze po 4 tygodniach stosowania.<\/li>\n<li aria-level=\"1\">Poprawa wygl\u0105du, zmniejszenie zmarszczek wok\u00f3\u0142 oczu po 4 tygodniach stosowania.<\/li>\n<li aria-level=\"1\">Poprawa elastyczno\u015bci sk\u00f3ry po 4 tygodniach stosowania.<\/li>\n<\/ul>\n<p><b>Certyfikaty i Testy:<\/b><\/p>\n<ul>\n<li aria-level=\"1\"><b>Certyfikat Bezpiecze\u0144stwa EWG:<\/b>\u00a0Potwierdzenie, \u017ce wszystkie sk\u0142adniki s\u0105 bezpieczne dla sk\u00f3ry i zdrowia.<\/li>\n<\/ul>\n<p><b>Pojemno\u015b\u0107: 50ml<\/b><\/p>\n<p>Water, Niacinamide, Vitis Vinifera (Grape) Flower Cell Extract, Isononyl Isononanoate, Niacinamide, Glycerin, Hydroxyethyl Acrylate\/Sodium Acryloyldimethyl Taurate Copolymer, Butylene Glycol, Propanediol, Betaine, Trehalose, Hydroxyethyl Urea, 1,2-Hexanediol, Caprylyl Glycol, Panthenol, Ethylhexylglycerin, Adenosine, Xylitol, Disodium EDTA, Xylitylglucoside, Disodium EDTA, Xylitylglucoside, Anhydroxylitol, Sodium Hyaluronate, Lycopodium Clavatum Extract, Equisetum Arvense Extract, Hydrolyzed Hyaluronic Acid, Sodium Acetylated Hyaluronate<\/p>\n","protected":false},"excerpt":{"rendered":"<p><span style=\"font-weight: 300;\">Odkryj pot\u0119g\u0119 naturalnego rozja\u015bnienia z naszym kremem Viniferine. Ta wyj\u0105tkowa formu\u0142a, wzbogacona o opatentowany sk\u0142adnik zawieraj\u0105cy Winiferyn\u0119, oraz certyfikowany przez KFDA sk\u0142adnik rozja\u015bniaj\u0105cy Niacynamid, oferuje kompleksow\u0105 piel\u0119gnacj\u0119, kt\u00f3ra niweluje przebarwienia, redukuje zmarszczki i poprawia jej og\u00f3lny stan. Przygotuj si\u0119 na rewolucj\u0119 w piel\u0119gnacji sk\u00f3ry, kt\u00f3ra przyniesie Ci promienny i zdrowy wygl\u0105d.<\/span><\/p>\n<p>&nbsp;<\/p>\n","protected":false},"featured_media":8272,"template":"","meta":[],"product_brand":[],"product_cat":[77],"product_tag":[],"class_list":{"0":"post-8476","1":"product","2":"type-product","3":"status-publish","4":"has-post-thumbnail","6":"product_cat-vegetology","8":"first","9":"instock","10":"taxable","11":"shipping-taxable","12":"product-type-simple"},"_links":{"self":[{"href":"https:\/\/vegetology.pl\/index.php\/wp-json\/wp\/v2\/product\/8476"}],"collection":[{"href":"https:\/\/vegetology.pl\/index.php\/wp-json\/wp\/v2\/product"}],"about":[{"href":"https:\/\/vegetology.pl\/index.php\/wp-json\/wp\/v2\/types\/product"}],"version-history":[{"count":0,"href":"https:\/\/vegetology.pl\/index.php\/wp-json\/wp\/v2\/product\/8476\/revisions"}],"wp:featuredmedia":[{"embeddable":true,"href":"https:\/\/vegetology.pl\/index.php\/wp-json\/wp\/v2\/media\/8272"}],"wp:attachment":[{"href":"https:\/\/vegetology.pl\/index.php\/wp-json\/wp\/v2\/media?parent=8476"}],"wp:term":[{"taxonomy":"product_brand","embeddable":true,"href":"https:\/\/vegetology.pl\/index.php\/wp-json\/wp\/v2\/product_brand?post=8476"},{"taxonomy":"product_cat","embeddable":true,"href":"https:\/\/vegetology.pl\/index.php\/wp-json\/wp\/v2\/product_cat?post=8476"},{"taxonomy":"product_tag","embeddable":true,"href":"https:\/\/vegetology.pl\/index.php\/wp-json\/wp\/v2\/product_tag?post=8476"}],"curies":[{"name":"wp","href":"https:\/\/api.w.org\/{rel}","templated":true}]}}