{"id":8479,"date":"2024-07-11T00:03:15","date_gmt":"2024-07-11T00:03:15","guid":{"rendered":"https:\/\/vegetology.pl\/?post_type=product&#038;p=8479"},"modified":"2024-07-11T00:03:18","modified_gmt":"2024-07-11T00:03:18","slug":"water-essence","status":"publish","type":"product","link":"https:\/\/vegetology.pl\/index.php\/product\/water-essence\/","title":{"rendered":"Water Essence"},"content":{"rendered":"<ul>\n<li><a href=\"#qodef-tab-opis\">OPIS<\/a><\/li>\n<li><a href=\"#qodef-tab-sklad\">SK\u0141AD<\/a><\/li>\n<\/ul>\n<p><b>Kluczowe Sk\u0142adniki i Korzy\u015bci:<\/b><\/p>\n<ul>\n<li aria-level=\"1\">Opatentowany sk\u0142adnik zawieraj\u0105cy Winiferyn\u0119 z 10% ekstraktem z kom\u00f3rek kwiatu winogron \u2013 dzia\u0142a rozja\u015bniaj\u0105co i przeciwstarzeniowo.<\/li>\n<li aria-level=\"1\">Naturalny sk\u0142adnik z\u0142uszczaj\u0105cy \u2013 Alantoina \u2013 odpowiedni do stosowania jako tonik, pomaga z\u0142uszcza\u0107 martwy nask\u00f3rek, ujednolica tekstur\u0119 sk\u00f3ry i przygotowuje j\u0105 do dalszych etap\u00f3w piel\u0119gnacji. Pozostawia uczucie \u015bwie\u017co\u015bci \u2013 bez lepko\u015bci.<\/li>\n<\/ul>\n<ul>\n<li aria-level=\"1\">Formu\u0142a odpowiednia dla ka\u017cdego rodzaju sk\u00f3ry.<\/li>\n<\/ul>\n<p><b>Certyfikaty i Testy:<\/b><\/p>\n<ul>\n<li aria-level=\"1\"><b>Certyfikat Bezpiecze\u0144stwa EWG:<\/b>\u00a0Potwierdzenie, \u017ce wszystkie sk\u0142adniki s\u0105 bezpieczne dla sk\u00f3ry i zdrowia.<\/li>\n<\/ul>\n<p><b>Pojemno\u015b\u0107: 150ml<\/b><\/p>\n<p>Od\u017cyw swoj\u0105 sk\u00f3r\u0119 i przywr\u00f3\u0107 jej m\u0142odzie\u0144czy blask z nasz\u0105 Esencj\u0105 Wodn\u0105 Viniferine. Daj swojej sk\u00f3rze to, czego naprawd\u0119 potrzebuje i ciesz si\u0119 promiennym i zdrowym wygl\u0105dem ka\u017cdego dnia.<\/p>\n<p>Water, Vitis Vinifera (Grape) Flower Cell Extract, Propanediol, Butylene Glycol, Niacinamide, Glycerin, 1,2-Hexanediol, Pentylene Glycol, Panthenol, Allantoin, Adenosine, Disodium EDTA, Ethylhexylglycerin<\/p>\n","protected":false},"excerpt":{"rendered":"<p><span style=\"font-weight: 300;\">Odkryj tajemnic\u0119 promiennej sk\u00f3ry z nasz\u0105 esencj\u0105 wodn\u0105 Viniferine. Ta wyj\u0105tkowa formu\u0142a, wzbogacona o opatentowany sk\u0142adnik zawieraj\u0105cy Winiferyn\u0119, oferuje intensywne nawil\u017cenie i od\u017cywienie sk\u00f3ry, jednocze\u015bnie redukuj\u0105c drobne zmarszczki i przebarwienia. Przygotuj si\u0119 na rewolucj\u0119 w codziennej piel\u0119gnacji, kt\u00f3ra przywr\u00f3ci Twojej sk\u00f3rze blask i zdrowy wygl\u0105d.<\/span><\/p>\n<p>&nbsp;<\/p>\n","protected":false},"featured_media":8275,"template":"","meta":[],"product_brand":[],"product_cat":[77],"product_tag":[],"class_list":{"0":"post-8479","1":"product","2":"type-product","3":"status-publish","4":"has-post-thumbnail","6":"product_cat-vegetology","8":"first","9":"instock","10":"taxable","11":"shipping-taxable","12":"product-type-simple"},"_links":{"self":[{"href":"https:\/\/vegetology.pl\/index.php\/wp-json\/wp\/v2\/product\/8479"}],"collection":[{"href":"https:\/\/vegetology.pl\/index.php\/wp-json\/wp\/v2\/product"}],"about":[{"href":"https:\/\/vegetology.pl\/index.php\/wp-json\/wp\/v2\/types\/product"}],"version-history":[{"count":0,"href":"https:\/\/vegetology.pl\/index.php\/wp-json\/wp\/v2\/product\/8479\/revisions"}],"wp:featuredmedia":[{"embeddable":true,"href":"https:\/\/vegetology.pl\/index.php\/wp-json\/wp\/v2\/media\/8275"}],"wp:attachment":[{"href":"https:\/\/vegetology.pl\/index.php\/wp-json\/wp\/v2\/media?parent=8479"}],"wp:term":[{"taxonomy":"product_brand","embeddable":true,"href":"https:\/\/vegetology.pl\/index.php\/wp-json\/wp\/v2\/product_brand?post=8479"},{"taxonomy":"product_cat","embeddable":true,"href":"https:\/\/vegetology.pl\/index.php\/wp-json\/wp\/v2\/product_cat?post=8479"},{"taxonomy":"product_tag","embeddable":true,"href":"https:\/\/vegetology.pl\/index.php\/wp-json\/wp\/v2\/product_tag?post=8479"}],"curies":[{"name":"wp","href":"https:\/\/api.w.org\/{rel}","templated":true}]}}